{"id":16231,"date":"2018-01-18T15:17:06","date_gmt":"2018-01-18T15:17:06","guid":{"rendered":"http:\/\/www.autoservizitempesta.it\/?page_id=16231"},"modified":"2025-12-15T16:57:54","modified_gmt":"2025-12-15T16:57:54","slug":"certificazioni","status":"publish","type":"page","link":"https:\/\/www.autoservizitempesta.it\/_wp_\/certificazioni\/","title":{"rendered":"Certificazioni"},"content":{"rendered":"<div class=\"wpb-content-wrapper\"><p>[vc_row css_animation=&#8221;&#8221; row_type=&#8221;row&#8221; use_row_as_full_screen_section=&#8221;no&#8221; type=&#8221;grid&#8221; angled_section=&#8221;no&#8221; text_align=&#8221;left&#8221; background_image_as_pattern=&#8221;without_pattern&#8221; z_index=&#8221;&#8221;][vc_column][qode_elements_holder number_of_columns=&#8221;one_column&#8221;][qode_elements_holder_item vertical_alignment=&#8221;middle&#8221; advanced_animations=&#8221;no&#8221; item_padding=&#8221;0 8% 0 0&#8243; item_padding_1024_1280=&#8221;0 9% 0 0&#8243; item_padding_768_1024=&#8221;0 6% 0 0&#8243; item_padding_600_768=&#8221;0 0 52px 0&#8243; item_padding_480_600=&#8221;0 0 52px 0&#8243; item_padding_480=&#8221;0 0 52px 0&#8243;][vc_empty_space]<div class='q_icon_with_title medium custom_icon_image left_from_title '><div class=\"icon_text_holder\" style=\"\"><div class=\"icon_text_inner\" style=\"\"><div class=\"icon_title_holder\"><div class=\"icon_holder \" style=\" \"><img decoding=\"async\" itemprop=\"image\" style=\"\" src=\"https:\/\/www.autoservizitempesta.it\/_wp_\/wp-content\/uploads\/2018\/01\/certificazioni-icone.png\" alt=\"\"><\/div><h3 class=\"icon_title\" style=\"color: #939298;\">Le nostre Certificazioni<\/h3><\/div><p style=''><\/p><\/div><\/div><\/div>[vc_empty_space height=&#8221;12px&#8221;][vc_column_text]<strong>La societ\u00e0 Autoservizi Tempesta S.r.L. ha conseguito le seguenti certificazioni: <\/strong><\/p>\n<p>\u2022 Certificazione di Qualit\u00e0 ISO 9001:2015, per i servizi di trasporto persone.<\/p>\n<p>\u2022 Certificazione del Sistema di Gestione della Qualit\u00e0, dispone di un sistema di gestione della qualit\u00e0 conforme alla norma alla norma UNE-EN ISO 9001:2015 per Autoservizi ed autonoleggio, per le seguenti attivit\u00e0: Autoservizi ed autonoleggio con conducente (Settore CNAE: 31\/60) Tutto ci\u00f2 a conferma dell&#8217;elevato standard di servizi erogati.<\/p>\n<p>Tale standard \u00e8 garantito e confermato anche dall&#8217;elevato massimale assicurativo di ciascun automezzo che \u00e8 coperto da polizza assicurativa comprendente i terzi trasportati con massimali di \u20ac 12.000.000,00.[\/vc_column_text][vc_empty_space height=&#8221;15px&#8221;][vc_single_image image=&#8221;20325&#8243; img_size=&#8221;large&#8221; alignment=&#8221;center&#8221; css=&#8221;&#8221; qode_css_animation=&#8221;&#8221;][vc_empty_space height=&#8221;15px&#8221;][vc_column_text]<\/p>\n<p class=\"p1\" style=\"text-align: center;\"><span style=\"color: #993300;\"><a style=\"color: #993300;\" href=\"https:\/\/autoservizitempesta.it\/_wp_\/wp-content\/uploads\/2021\/08\/AUTOSERVIZI-TEMPESTA-S.r.l.-rin.pdf\">Certificazione del Sistema di Gestione per la Qualit\u00e0<\/a><\/span><\/p>\n<p>[\/vc_column_text][vc_empty_space height=&#8221;15px&#8221;][vc_single_image image=&#8221;20405&#8243; img_size=&#8221;medium&#8221; alignment=&#8221;center&#8221; css=&#8221;&#8221; qode_css_animation=&#8221;&#8221;][\/qode_elements_holder_item][\/qode_elements_holder][\/vc_column][\/vc_row]<\/p>\n<\/div><!-- AddThis Advanced Settings generic via filter on the_content --><!-- AddThis Share Buttons generic via filter on the_content -->","protected":false},"excerpt":{"rendered":"<p>[vc_row css_animation=&#8221;&#8221; row_type=&#8221;row&#8221; use_row_as_full_screen_section=&#8221;no&#8221; type=&#8221;grid&#8221; angled_section=&#8221;no&#8221; text_align=&#8221;left&#8221; background_image_as_pattern=&#8221;without_pattern&#8221; z_index=&#8221;&#8221;][vc_column][qode_elements_holder number_of_columns=&#8221;one_column&#8221;][qode_elements_holder_item vertical_alignment=&#8221;middle&#8221; advanced_animations=&#8221;no&#8221; item_padding=&#8221;0 8% 0 0&#8243; item_padding_1024_1280=&#8221;0 9% 0 0&#8243; item_padding_768_1024=&#8221;0 6% 0 0&#8243; item_padding_600_768=&#8221;0 0 52px 0&#8243; item_padding_480_600=&#8221;0 0 52px 0&#8243; item_padding_480=&#8221;0 0 52px 0&#8243;][vc_empty_space][vc_empty_space height=&#8221;12px&#8221;][vc_column_text]La societ\u00e0 Autoservizi Tempesta S.r.L. ha conseguito le seguenti&#8230;<!-- AddThis Advanced Settings generic via filter on get_the_excerpt --><!-- AddThis Share Buttons generic via filter on get_the_excerpt --><\/p>\n","protected":false},"author":6,"featured_media":0,"parent":0,"menu_order":9,"comment_status":"closed","ping_status":"closed","template":"full_width.php","meta":{"_exactmetrics_skip_tracking":false,"_exactmetrics_sitenote_active":false,"_exactmetrics_sitenote_note":"","_exactmetrics_sitenote_category":0,"footnotes":""},"class_list":["post-16231","page","type-page","status-publish","hentry"],"yoast_head":"<!-- This site is optimized with the Yoast SEO plugin v25.1 - https:\/\/yoast.com\/wordpress\/plugins\/seo\/ -->\n<title>Certificazioni - Tempesta Autoservizi<\/title>\n<meta name=\"robots\" content=\"index, follow, max-snippet:-1, max-image-preview:large, max-video-preview:-1\" \/>\n<link rel=\"canonical\" href=\"https:\/\/www.autoservizitempesta.it\/_wp_\/certificazioni\/\" \/>\n<meta property=\"og:locale\" content=\"it_IT\" \/>\n<meta property=\"og:type\" content=\"article\" \/>\n<meta property=\"og:title\" content=\"Certificazioni - Tempesta Autoservizi\" \/>\n<meta property=\"og:description\" content=\"[vc_row css_animation=&#8221;&#8221; row_type=&#8221;row&#8221; use_row_as_full_screen_section=&#8221;no&#8221; type=&#8221;grid&#8221; angled_section=&#8221;no&#8221; text_align=&#8221;left&#8221; background_image_as_pattern=&#8221;without_pattern&#8221; z_index=&#8221;&#8221;][vc_column][qode_elements_holder number_of_columns=&#8221;one_column&#8221;][qode_elements_holder_item vertical_alignment=&#8221;middle&#8221; advanced_animations=&#8221;no&#8221; item_padding=&#8221;0 8% 0 0&#8243; item_padding_1024_1280=&#8221;0 9% 0 0&#8243; item_padding_768_1024=&#8221;0 6% 0 0&#8243; item_padding_600_768=&#8221;0 0 52px 0&#8243; item_padding_480_600=&#8221;0 0 52px 0&#8243; item_padding_480=&#8221;0 0 52px 0&#8243;][vc_empty_space][vc_empty_space height=&#8221;12px&#8221;][vc_column_text]La societ\u00e0 Autoservizi Tempesta S.r.L. ha conseguito le seguenti...\" \/>\n<meta property=\"og:url\" content=\"https:\/\/www.autoservizitempesta.it\/_wp_\/certificazioni\/\" \/>\n<meta property=\"og:site_name\" content=\"Tempesta Autoservizi\" \/>\n<meta property=\"article:publisher\" content=\"https:\/\/www.facebook.com\/autoservizitempesta\/\" \/>\n<meta property=\"article:modified_time\" content=\"2025-12-15T16:57:54+00:00\" \/>\n<meta name=\"twitter:card\" content=\"summary_large_image\" \/>\n<meta name=\"twitter:label1\" content=\"Tempo di lettura stimato\" \/>\n\t<meta name=\"twitter:data1\" content=\"2 minuti\" \/>\n<script type=\"application\/ld+json\" class=\"yoast-schema-graph\">{\"@context\":\"https:\/\/schema.org\",\"@graph\":[{\"@type\":\"WebPage\",\"@id\":\"https:\/\/www.autoservizitempesta.it\/_wp_\/certificazioni\/\",\"url\":\"https:\/\/www.autoservizitempesta.it\/_wp_\/certificazioni\/\",\"name\":\"Certificazioni - Tempesta Autoservizi\",\"isPartOf\":{\"@id\":\"https:\/\/www.autoservizitempesta.it\/#website\"},\"datePublished\":\"2018-01-18T15:17:06+00:00\",\"dateModified\":\"2025-12-15T16:57:54+00:00\",\"breadcrumb\":{\"@id\":\"https:\/\/www.autoservizitempesta.it\/_wp_\/certificazioni\/#breadcrumb\"},\"inLanguage\":\"it-IT\",\"potentialAction\":[{\"@type\":\"ReadAction\",\"target\":[\"https:\/\/www.autoservizitempesta.it\/_wp_\/certificazioni\/\"]}]},{\"@type\":\"BreadcrumbList\",\"@id\":\"https:\/\/www.autoservizitempesta.it\/_wp_\/certificazioni\/#breadcrumb\",\"itemListElement\":[{\"@type\":\"ListItem\",\"position\":1,\"name\":\"Home\",\"item\":\"https:\/\/www.autoservizitempesta.it\/_wp_\/\"},{\"@type\":\"ListItem\",\"position\":2,\"name\":\"Certificazioni\"}]},{\"@type\":\"WebSite\",\"@id\":\"https:\/\/www.autoservizitempesta.it\/#website\",\"url\":\"https:\/\/www.autoservizitempesta.it\/\",\"name\":\"Tempesta Autoservizi\",\"description\":\"Viaggiare sereni\",\"potentialAction\":[{\"@type\":\"SearchAction\",\"target\":{\"@type\":\"EntryPoint\",\"urlTemplate\":\"https:\/\/www.autoservizitempesta.it\/?s={search_term_string}\"},\"query-input\":{\"@type\":\"PropertyValueSpecification\",\"valueRequired\":true,\"valueName\":\"search_term_string\"}}],\"inLanguage\":\"it-IT\"}]}<\/script>\n<!-- \/ Yoast SEO plugin. -->","yoast_head_json":{"title":"Certificazioni - Tempesta Autoservizi","robots":{"index":"index","follow":"follow","max-snippet":"max-snippet:-1","max-image-preview":"max-image-preview:large","max-video-preview":"max-video-preview:-1"},"canonical":"https:\/\/www.autoservizitempesta.it\/_wp_\/certificazioni\/","og_locale":"it_IT","og_type":"article","og_title":"Certificazioni - Tempesta Autoservizi","og_description":"[vc_row css_animation=&#8221;&#8221; row_type=&#8221;row&#8221; use_row_as_full_screen_section=&#8221;no&#8221; type=&#8221;grid&#8221; angled_section=&#8221;no&#8221; text_align=&#8221;left&#8221; background_image_as_pattern=&#8221;without_pattern&#8221; z_index=&#8221;&#8221;][vc_column][qode_elements_holder number_of_columns=&#8221;one_column&#8221;][qode_elements_holder_item vertical_alignment=&#8221;middle&#8221; advanced_animations=&#8221;no&#8221; item_padding=&#8221;0 8% 0 0&#8243; item_padding_1024_1280=&#8221;0 9% 0 0&#8243; item_padding_768_1024=&#8221;0 6% 0 0&#8243; item_padding_600_768=&#8221;0 0 52px 0&#8243; item_padding_480_600=&#8221;0 0 52px 0&#8243; item_padding_480=&#8221;0 0 52px 0&#8243;][vc_empty_space][vc_empty_space height=&#8221;12px&#8221;][vc_column_text]La societ\u00e0 Autoservizi Tempesta S.r.L. ha conseguito le seguenti...","og_url":"https:\/\/www.autoservizitempesta.it\/_wp_\/certificazioni\/","og_site_name":"Tempesta Autoservizi","article_publisher":"https:\/\/www.facebook.com\/autoservizitempesta\/","article_modified_time":"2025-12-15T16:57:54+00:00","twitter_card":"summary_large_image","twitter_misc":{"Tempo di lettura stimato":"2 minuti"},"schema":{"@context":"https:\/\/schema.org","@graph":[{"@type":"WebPage","@id":"https:\/\/www.autoservizitempesta.it\/_wp_\/certificazioni\/","url":"https:\/\/www.autoservizitempesta.it\/_wp_\/certificazioni\/","name":"Certificazioni - Tempesta Autoservizi","isPartOf":{"@id":"https:\/\/www.autoservizitempesta.it\/#website"},"datePublished":"2018-01-18T15:17:06+00:00","dateModified":"2025-12-15T16:57:54+00:00","breadcrumb":{"@id":"https:\/\/www.autoservizitempesta.it\/_wp_\/certificazioni\/#breadcrumb"},"inLanguage":"it-IT","potentialAction":[{"@type":"ReadAction","target":["https:\/\/www.autoservizitempesta.it\/_wp_\/certificazioni\/"]}]},{"@type":"BreadcrumbList","@id":"https:\/\/www.autoservizitempesta.it\/_wp_\/certificazioni\/#breadcrumb","itemListElement":[{"@type":"ListItem","position":1,"name":"Home","item":"https:\/\/www.autoservizitempesta.it\/_wp_\/"},{"@type":"ListItem","position":2,"name":"Certificazioni"}]},{"@type":"WebSite","@id":"https:\/\/www.autoservizitempesta.it\/#website","url":"https:\/\/www.autoservizitempesta.it\/","name":"Tempesta Autoservizi","description":"Viaggiare sereni","potentialAction":[{"@type":"SearchAction","target":{"@type":"EntryPoint","urlTemplate":"https:\/\/www.autoservizitempesta.it\/?s={search_term_string}"},"query-input":{"@type":"PropertyValueSpecification","valueRequired":true,"valueName":"search_term_string"}}],"inLanguage":"it-IT"}]}},"_links":{"self":[{"href":"https:\/\/www.autoservizitempesta.it\/_wp_\/wp-json\/wp\/v2\/pages\/16231","targetHints":{"allow":["GET"]}}],"collection":[{"href":"https:\/\/www.autoservizitempesta.it\/_wp_\/wp-json\/wp\/v2\/pages"}],"about":[{"href":"https:\/\/www.autoservizitempesta.it\/_wp_\/wp-json\/wp\/v2\/types\/page"}],"author":[{"embeddable":true,"href":"https:\/\/www.autoservizitempesta.it\/_wp_\/wp-json\/wp\/v2\/users\/6"}],"replies":[{"embeddable":true,"href":"https:\/\/www.autoservizitempesta.it\/_wp_\/wp-json\/wp\/v2\/comments?post=16231"}],"version-history":[{"count":17,"href":"https:\/\/www.autoservizitempesta.it\/_wp_\/wp-json\/wp\/v2\/pages\/16231\/revisions"}],"predecessor-version":[{"id":20406,"href":"https:\/\/www.autoservizitempesta.it\/_wp_\/wp-json\/wp\/v2\/pages\/16231\/revisions\/20406"}],"wp:attachment":[{"href":"https:\/\/www.autoservizitempesta.it\/_wp_\/wp-json\/wp\/v2\/media?parent=16231"}],"curies":[{"name":"wp","href":"https:\/\/api.w.org\/{rel}","templated":true}]}}